{"id":8566,"date":"2019-09-24T01:53:20","date_gmt":"2019-09-24T01:53:20","guid":{"rendered":"https:\/\/gramy.live\/?page_id=2637"},"modified":"2025-02-20T12:26:02","modified_gmt":"2025-02-20T11:26:02","slug":"znajdz-wydarzenie","status":"publish","type":"page","link":"https:\/\/gramy.live\/?page_id=8566","title":{"rendered":"Znajd\u017a wydarzenie"},"content":{"rendered":"\t\t<div data-elementor-type=\"wp-post\" data-elementor-id=\"8566\" class=\"elementor elementor-8566\">\n\t\t\t\t\t\t<section class=\"elementor-section elementor-top-section elementor-element elementor-element-44b0f9f elementor-section-boxed elementor-section-height-default elementor-section-height-default wpr-particle-no wpr-jarallax-no wpr-parallax-no wpr-sticky-section-no\" data-id=\"44b0f9f\" data-element_type=\"section\" data-e-type=\"section\">\n\t\t\t\t\t\t<div class=\"elementor-container elementor-column-gap-default\">\n\t\t\t\t\t<div class=\"elementor-column elementor-col-100 elementor-top-column elementor-element elementor-element-7584b75\" data-id=\"7584b75\" data-element_type=\"column\" data-e-type=\"column\">\n\t\t\t<div class=\"elementor-widget-wrap elementor-element-populated\">\n\t\t\t\t\t\t<div class=\"elementor-element elementor-element-ba89db5 elementor-widget elementor-widget-el_search_map\" data-id=\"ba89db5\" data-element_type=\"widget\" data-e-type=\"widget\" data-widget_type=\"el_search_map.default\">\n\t\t\t\t<div class=\"elementor-widget-container\">\n\t\t\t\t\t\n<div class=\"elementor_search_map\">\n\t\n\t<div class=\"el_search_filters wrap_search_map\">\n\n\t\t\n\t\t<div class=\"wrap_search\">\n\n\t\t\t<div id=\"result_search\" class=\"job_listings_search\" style=\"width: 100%; padding: 0;\">\n\n\t\t\t\t\t\t\t\t\t<span class=\"toggle_filters \">\n\t\t\t\t\t\tToggle Filters\t\t\t\t\t\t<i class=\"icon_down arrow_triangle-down\"><\/i>\n\t\t\t\t\t\t<i class=\"icon_up arrow_triangle-up\"><\/i>\n\t\t\t\t\t<\/span>\n\n\t\t\t\t\t<form class=\"job_filters\" autocomplete=\"off\" autocorrect=\"off\" autocapitalize=\"none\">\n\t\t\t\t\t\t<div class=\"search_jobs\">\n\t\t\t\t\t\t\t\t\t\t\t\t\t\t\t\t\t<div class=\"label_search wrap_search_keywords\">\n\t\t\t\t\t\t\t\t\t\t\t<input type=\"text\" name=\"keywords\" autocomplete=\"off\" autocorrect=\"off\" autocapitalize=\"none\" placeholder=\"What are you looking for?\" value=\"\"\/>\n\t\t\t\t\t\t\t\t\t\t<\/div>\n\t\t\t\t\t\t\t\t\t\t\t\t\t\t\t\t\t\t\t\t<div class=\"label_search wrap_search_location\">\n\n\t\t\t\t\t\t\t\t\t\t\t<input type=\"hidden\" name=\"map_lat\" id=\"map_lat\" value=\"\" autocomplete=\"off\" autocorrect=\"off\" autocapitalize=\"none\"\/>\n\t\t\t\t\t\t\t\t\t\t\t<input type=\"hidden\" name=\"map_lng\" id=\"map_lng\" value=\"\" autocomplete=\"off\" autocorrect=\"off\" autocapitalize=\"none\"\/>\n\n\t\t\t\t\t\t\t\t\t\t\t<input type=\"text\" id=\"pac-input\" name=\"map_address\" value=\"\" class=\"controls\" placeholder=\"Location\" autocomplete=\"off\" autocorrect=\"off\" autocapitalize=\"none\" \/>\n\t\t\t\t\t\t\t\t\t\t\t<i class=\"locate-me icon_circle-slelected\" id=\"locate-me\" data-tippy-content=\"Find my location\"><\/i>\n\n\n\t\t\t\t\t\t\t\t\t\t\t<div id=\"infowindow-content\">\n\t\t\t\t\t\t\t\t\t\t\t\t<span id=\"place-name\" class=\"title\"><\/span>\n\t\t\t\t\t\t\t\t\t\t\t\t<span id=\"place-address\"><\/span>\n\t\t\t\t\t\t\t\t\t\t\t<\/div>\n\n\t\t\t\t\t\t\t\t\t\t\t<input type=\"hidden\" value=\"\" name=\"map_name\" id=\"map_name\"  autocomplete=\"off\" autocorrect=\"off\" autocapitalize=\"none\"\/>\n\t\t\t\t\t\t\t\t\t\t<\/div>\n\t\t\t\t\t\t\t\t\t\t\t\t\t\t\t\t\t\t\t\t<div class=\"label_search wrap_search_cat\">\n\t\t\t\t\t\t\t\t\t\t\t<select required name='cat' id='cat' class='postform' >\n\t<option value='' selected='selected'>Select Category<\/option>\n\t<option class=\"level-0\" value=\"kabaret\">Kabaret<\/option>\n\t<option class=\"level-0\" value=\"muzyka\">Muzyka<\/option>\n\t<option class=\"level-0\" value=\"muzyka-i-taniec\">Muzyka i taniec<\/option>\n\t<option class=\"level-0\" value=\"stand-up\">Stand-up<\/option>\n\t<option class=\"level-0\" value=\"music\">Music<\/option>\n<\/select>\n\t\t\t\t\t\t\t\t\t\t<\/div>\n\t\t\t\t\t\t\t\t\t\t\t\t\t\t\t\t\t\t\t\t<div class=\"label_search wrap_search_time\">\n\t\t\t\t\t\t\t\t\t\t\t<select name=\"time\">\n\t\t\t\t\t\t\t\t\t\t\t\t<option value=\"\" >All Time<\/option>\n\t\t\t\t\t\t\t\t\t\t\t\t<option value=\"today\"  >Today<\/option>\n\t\t\t\t\t\t\t\t\t\t\t\t<option value=\"tomorrow\"  >Tomorrow<\/option>\n\t\t\t\t\t\t\t\t\t\t\t\t<option value=\"this_week\"  >This Week<\/option>\n\t\t\t\t\t\t\t\t\t\t\t\t<option value=\"this_week_end\"  >This Weekend<\/option>\n\t\t\t\t\t\t\t\t\t\t\t\t<option value=\"next_week\"  >Next Week<\/option>\n\t\t\t\t\t\t\t\t\t\t\t\t<option value=\"next_month\"  >Next Month<\/option>\n\t\t\t\t\t\t\t\t\t\t\t<\/select>\n\t\t\t\t\t\t\t\t\t\t<\/div>\n\t\t\t\t\t\t\t\t\t\t\t\t\t\t\t\t\t\t\t\t<div class=\"loc_state label_search\">\n\t\t\t\t\t\t\t\t\t\t\t<select  name='event_state' id='event_state' class='selectpicker postform' >\n\t<option value='' selected='selected'>All States<\/option>\n\t<option class=\"level-0\" value=\"austria\">Austria<\/option>\n\t<option class=\"level-0\" value=\"belgia\">Belgia<\/option>\n\t<option class=\"level-0\" value=\"francja\">Francja<\/option>\n\t<option class=\"level-0\" value=\"gliwice\">Gliwice<\/option>\n\t<option class=\"level-0\" value=\"hamburg\">Hamburg<\/option>\n\t<option class=\"level-0\" value=\"niemcy\">Niemcy<\/option>\n\t<option class=\"level-0\" value=\"polska\">Polska<\/option>\n\t<option class=\"level-0\" value=\"slowenia\">S\u0142owenia<\/option>\n\t<option class=\"level-0\" value=\"szwajcaria\">Szwajcaria<\/option>\n<\/select>\n\t\t\t\t\t\t\t\t\t\t<\/div>\n\t\t\t\t\t\t\t\t\t\t\t\t\t\t\t\t\t\t\t\t<div class=\"loc_city label_search\">\n\t\t\t\t\t\t\t\t\t\t\t<select  name='event_city' id='event_city' class='selectpicker postform' >\n\t<option value='' selected='selected'>All Cities<\/option>\n\t<option class=\"level-0\" value=\"aachen\">Aachen<\/option>\n\t<option class=\"level-0\" value=\"berlin-niemcy\">Berlin<\/option>\n\t<option class=\"level-0\" value=\"bielefeld\">Bielefeld<\/option>\n\t<option class=\"level-0\" value=\"duisburg\">Duisburg<\/option>\n\t<option class=\"level-0\" value=\"dusseldorf\">D\u00fcsseldorf<\/option>\n\t<option class=\"level-0\" value=\"essen\">Essen<\/option>\n\t<option class=\"level-0\" value=\"frankfurt-am-main\">Frankfurt am Main<\/option>\n\t<option class=\"level-0\" value=\"hagen\">Hagen<\/option>\n\t<option class=\"level-0\" value=\"hamburg-niemcy\">Hamburg<\/option>\n\t<option class=\"level-0\" value=\"leverkusen\">Leverkusen<\/option>\n\t<option class=\"level-0\" value=\"monchengladbach\">M\u00f6nchengladbach<\/option>\n\t<option class=\"level-0\" value=\"munchen\">M\u00fcnchen<\/option>\n\t<option class=\"level-0\" value=\"offenbach-am-main\">Offenbach am Main<\/option>\n\t<option class=\"level-0\" value=\"solingen\">Solingen<\/option>\n\t<option class=\"level-0\" value=\"stuttgart\">Stuttgart<\/option>\n\t<option class=\"level-0\" value=\"wieden\">Wieden<\/option>\n\t<option class=\"level-0\" value=\"witten\">Witten<\/option>\n\t<option class=\"level-0\" value=\"bierun\">Bieru\u0144<\/option>\n\t<option class=\"level-0\" value=\"bobrowniki\">Bobrowniki<\/option>\n\t<option class=\"level-0\" value=\"brzeg-dolny\">Brzeg Dolny<\/option>\n\t<option class=\"level-0\" value=\"busko-zdroj\">Busko-Zdr\u00f3j<\/option>\n\t<option class=\"level-0\" value=\"bydgoszcz\">Bydgoszcz<\/option>\n\t<option class=\"level-0\" value=\"bytom\">Bytom<\/option>\n\t<option class=\"level-0\" value=\"chorzow\">Chorz\u00f3w<\/option>\n\t<option class=\"level-0\" value=\"czechowice-dziedzice\">Czechowice-Dziedzice<\/option>\n\t<option class=\"level-0\" value=\"czerwionka-leszczyny\">Czerwionka-Leszczyny<\/option>\n\t<option class=\"level-0\" value=\"dobrodzien\">Dobrodzie\u0144<\/option>\n\t<option class=\"level-0\" value=\"gliwice-polska\">Gliwice<\/option>\n\t<option class=\"level-0\" value=\"glogow\">G\u0142og\u00f3w<\/option>\n\t<option class=\"level-0\" value=\"grajewo\">Grajewo<\/option>\n\t<option class=\"level-0\" value=\"jastrzebie-zdroj\">Jastrz\u0119bie-Zdr\u00f3j<\/option>\n\t<option class=\"level-0\" value=\"jaworzno\">Jaworzno<\/option>\n\t<option class=\"level-0\" value=\"kalisz\">Kalisz<\/option>\n\t<option class=\"level-0\" value=\"katowice\">Katowice<\/option>\n\t<option class=\"level-0\" value=\"kolno\">Kolno<\/option>\n\t<option class=\"level-0\" value=\"koszecin\">Kosz\u0119cin<\/option>\n\t<option class=\"level-0\" value=\"krapkowice\">Krapkowice<\/option>\n\t<option class=\"level-0\" value=\"kuznia-raciborska\">Ku\u017ania Raciborska<\/option>\n\t<option class=\"level-0\" value=\"legionowo\">Legionowo<\/option>\n\t<option class=\"level-0\" value=\"lubawka\">Lubawka<\/option>\n\t<option class=\"level-0\" value=\"lubliniec\">Lubliniec<\/option>\n\t<option class=\"level-0\" value=\"laziska-gorne\">\u0141aziska G\u00f3rne<\/option>\n\t<option class=\"level-0\" value=\"lomza\">\u0141om\u017ca<\/option>\n\t<option class=\"level-0\" value=\"marki\">Marki<\/option>\n\t<option class=\"level-0\" value=\"miasteczko-slaskie\">Miasteczko \u015al\u0105skie<\/option>\n\t<option class=\"level-0\" value=\"mikolow\">Miko\u0142\u00f3w<\/option>\n\t<option class=\"level-0\" value=\"myslowice\">Mys\u0142owice<\/option>\n\t<option class=\"level-0\" value=\"nowy-tomysl\">Nowy Tomy\u015bl<\/option>\n\t<option class=\"level-0\" value=\"olesno\">Olesno<\/option>\n\t<option class=\"level-0\" value=\"olkusz\">Olkusz<\/option>\n\t<option class=\"level-0\" value=\"olsztyn\">Olsztyn<\/option>\n\t<option class=\"level-0\" value=\"opole\">Opole<\/option>\n\t<option class=\"level-0\" value=\"ostrow-wielkopolski\">Ostr\u00f3w Wielkopolski<\/option>\n\t<option class=\"level-0\" value=\"oswiecim\">O\u015bwi\u0119cim<\/option>\n\t<option class=\"level-0\" value=\"pawlowice\">Paw\u0142owice<\/option>\n\t<option class=\"level-0\" value=\"piekary-slaskie\">Piekary \u015al\u0105skie<\/option>\n\t<option class=\"level-0\" value=\"poznan\">Pozna\u0144<\/option>\n\t<option class=\"level-0\" value=\"pszczyna\">Pszczyna<\/option>\n\t<option class=\"level-0\" value=\"pszow\">Psz\u00f3w<\/option>\n\t<option class=\"level-0\" value=\"pyskowice\">Pyskowice<\/option>\n\t<option class=\"level-0\" value=\"raciborz\">Racib\u00f3rz<\/option>\n\t<option class=\"level-0\" value=\"radlin\">Radlin<\/option>\n\t<option class=\"level-0\" value=\"radzionkow\">Radzionk\u00f3w<\/option>\n\t<option class=\"level-0\" value=\"ruda_slaska\">Ruda \u015al\u0105ska<\/option>\n\t<option class=\"level-0\" value=\"rybnik\">Rybnik<\/option>\n\t<option class=\"level-0\" value=\"rydultowy\">Rydu\u0142towy<\/option>\n\t<option class=\"level-0\" value=\"rzeszow\">Rzesz\u00f3w<\/option>\n\t<option class=\"level-0\" value=\"siemianowice-slaskie\">Siemianowice \u015al\u0105skie<\/option>\n\t<option class=\"level-0\" value=\"sobotka\">Sob\u00f3tka<\/option>\n\t<option class=\"level-0\" value=\"sosnowiec\">Sosnowiec<\/option>\n\t<option class=\"level-0\" value=\"sroda-wielkopolska\">\u015aroda Wielkopolska<\/option>\n\t<option class=\"level-0\" value=\"starachowice\">Starachowice<\/option>\n\t<option class=\"level-0\" value=\"swietochlowice\">\u015awi\u0119toch\u0142owice<\/option>\n\t<option class=\"level-0\" value=\"szczawno-zdroj\">Szczawno Zdr\u00f3j<\/option>\n\t<option class=\"level-0\" value=\"tarczyn\">Tarczyn<\/option>\n\t<option class=\"level-0\" value=\"tarnowskie-gory\">Tarnowskie G\u00f3ry<\/option>\n\t<option class=\"level-0\" value=\"torun\">Toru\u0144<\/option>\n\t<option class=\"level-0\" value=\"trzebinia\">Trzebinia<\/option>\n\t<option class=\"level-0\" value=\"tychy\">Tychy<\/option>\n\t<option class=\"level-0\" value=\"walce\">Walce<\/option>\n\t<option class=\"level-0\" value=\"warszawa\">Warszawa<\/option>\n\t<option class=\"level-0\" value=\"wieliczka\">Wieliczka<\/option>\n\t<option class=\"level-0\" value=\"wloclawek\">W\u0142oc\u0142awek<\/option>\n\t<option class=\"level-0\" value=\"wodzislaw-slaski\">Wodzis\u0142aw \u015al\u0105ski<\/option>\n\t<option class=\"level-0\" value=\"wola\">Wola<\/option>\n\t<option class=\"level-0\" value=\"wolomin\">Wo\u0142omin<\/option>\n\t<option class=\"level-0\" value=\"zabrze\">Zabrze<\/option>\n\t<option class=\"level-0\" value=\"zawadzkie\">Zawadzkie<\/option>\n\t<option class=\"level-0\" value=\"zawiercie\">Zawiercie<\/option>\n\t<option class=\"level-0\" value=\"zdzieszowice\">Zdzieszowice<\/option>\n\t<option class=\"level-0\" value=\"zielonka\">Zielonka<\/option>\n\t<option class=\"level-0\" value=\"bruksela\">Bruksela<\/option>\n\t<option class=\"level-0\" value=\"etterbeek\">Etterbeek<\/option>\n\t<option class=\"level-0\" value=\"ljubljana\">Ljubljana<\/option>\n\t<option class=\"level-0\" value=\"strasbourg\">Strasbourg<\/option>\n\t<option class=\"level-0\" value=\"wien\">Wien<\/option>\n\t<option class=\"level-0\" value=\"zurich\">Z\u00fcrich<\/option>\n<\/select>\n\t\t\t\t\t\t\t\t\t\t<\/div>\n\t\t\t\t\t\t\t\t\t\t\n\t\t\t\t\t\t\t\n\n\t\t\t\t\t\t\t<input type=\"hidden\" id=\"el_search_map_list_taxonomy\" value=\"[]\" >\n\t\t\t\t\t\t\t<input type=\"hidden\" id=\"data_taxonomy_custom\" value=\"[]\" >\n\t\t\t\t\t\t<\/div>\n\n\t\t\t\t\t\t<div class=\"wrap_search_radius\">\n\t\t\t\t\t\t\t<span>Radius:<\/span>\n\t\t\t\t\t\t\t<span class=\"result_radius\">50 km<\/span>\n\t\t\t\t\t\t\t<div id=\"wrap_pointer\"><\/div>\n\t\t\t\t\t\t\t<input type=\"hidden\" value=\"50\" name=\"radius\" data-radius-unit=\"km\">\n\t\t\t\t\t\t<\/div>\n\n\t\t\t\t\t\t<div class=\"wrap_search_filter_title\">\n\t\t\t\t\t\t\t\n\t\t\t\t\t\t\t<div class=\"listing_found\"><\/div>\n\n\t\t\t\t\t\t\t<div id=\"search_sort\">\n\t\t\t\t\t\t\t\t\t\t\t\t\t\t\t\t\t\t\t\t\t\t\t\t<select name=\"sort\">\n\t\t\t\t\t\t\t\t\t<option value=\"\">Sort By<\/option>\n\t\t\t\t\t\t\t\t\t<option value=\"near\"  >Nearest<\/option>\n\t\t\t\t\t\t\t\t\t<option value=\"date-desc\"  >Newest First<\/option>\n\t\t\t\t\t\t\t\t\t<option value=\"date-asc\"  >Oldest First<\/option>\n\t\t\t\t\t\t\t\t\t<option value=\"start-date\" selected >Start Date<\/option>\n\t\t\t\t\t\t\t\t\t<option value=\"end-date\"  >End Date<\/option>\n\t\t\t\t\t\t\t\t\t<option value=\"a-z\"  >A-Z<\/option>\n\t\t\t\t\t\t\t\t\t<option value=\"z-a\"  >Z-A<\/option>\n\t\t\t\t\t\t\t\t<\/select>\n\t\t\t\t\t\t\t<\/div>\n\t\t\t\t\t\t<\/div>\n\t\t\t\t\t<\/form>\n\t\t\t\t\t\t\t\t<div class=\"wrap_load_more\" style=\"display: none;\">\n\t\t\t\t\t<svg class=\"loader\" width=\"50\" height=\"50\">\n\t\t\t\t\t\t<circle cx=\"25\" cy=\"25\" r=\"10\" stroke=\"#e86c60\"\/>\n\t\t\t\t\t\t<circle cx=\"25\" cy=\"25\" r=\"20\" stroke=\"#e86c60\"\/>\n\t\t\t\t\t<\/svg>\n\t\t\t\t<\/div>\n\n\t\t\t\t<div id=\"search_result\" class=\"search_result\" data-type=\"type4\" data-column=\"three-column\" data-zoom=\"4\" data-lat=\"39.177972\" data-lng=\"-100.363750\" data-marker_option=\"icon\" data-marker_icon=\"\"  data-show_featured=\"\" data-restrictions=\"[&quot;AT&quot;,&quot;DE&quot;,&quot;PL&quot;]\" data-bound=\"1\" data-bound-lat=\"\" data-bound-lng=\"\" data-bound-radius=\"10\"><\/div>\n\n\t\t\t<\/div>\n\n\t\t\t\t\t\t<div class=\"wrap_show_map\" style=\"display: none\" >\n\t\t\t\t<div id=\"show_map\"><\/div>\n\t\t\t<\/div>\n\t\t<\/div>\n\n\t<\/div>\n\n<\/div>\t\t\t\t<\/div>\n\t\t\t\t<\/div>\n\t\t\t\t\t<\/div>\n\t\t<\/div>\n\t\t\t\t\t<\/div>\n\t\t<\/section>\n\t\t\t\t<\/div>\n\t\t","protected":false},"excerpt":{"rendered":"<p>Toggle Filters Select CategoryKabaretMuzykaMuzyka i taniecMusic All TimeTodayTomorrowThis WeekThis WeekendNext WeekNext Month All StatesAustriaBelgiaFrancjaGliwiceHamburgNiemcyPolskaS\u0142oweniaSzwajcaria All CitiesAachenBerlinDuisburgD\u00fcsseldorfEssenFrankfurt am MainHagenHamburgLeverkusenM\u00f6nchengladbachM\u00fcnchenSolingenStuttgartBrukselaBytomChorz\u00f3wCzerwionka-LeszczynyGliwice\u0141aziska G\u00f3rnePaw\u0142owicePiekary \u015al\u0105skiePszczynaRacib\u00f3rzRadlinRadzionk\u00f3wRuda \u015al\u0105skaSiemianowice \u015al\u0105skieSosnowiec\u015awi\u0119toch\u0142owiceWodzis\u0142aw \u015al\u0105skiWolaZabrzeZawadzkieEtterbeekLjubljanaStrasbourgWienZ\u00fcrich Radius: 50 km Sort ByNearestNewest FirstOldest FirstStart DateEnd DateA-ZZ-A<\/p>\n","protected":false},"author":1,"featured_media":0,"parent":0,"menu_order":0,"comment_status":"closed","ping_status":"closed","template":"elementor_header_footer","meta":{"footnotes":""},"class_list":["post-8566","page","type-page","status-publish","hentry"],"yoast_head":"<!-- This site is optimized with the Yoast SEO plugin v26.7 - https:\/\/yoast.com\/wordpress\/plugins\/seo\/ -->\n<title>Znajd\u017a wydarzenie - Gramy.live<\/title>\n<meta name=\"robots\" content=\"index, follow, max-snippet:-1, max-image-preview:large, max-video-preview:-1\" \/>\n<link rel=\"canonical\" href=\"https:\/\/gramy.live\/?page_id=8566\" \/>\n<meta property=\"og:locale\" content=\"pl_PL\" \/>\n<meta property=\"og:type\" content=\"article\" \/>\n<meta property=\"og:title\" content=\"Znajd\u017a wydarzenie - Gramy.live\" \/>\n<meta property=\"og:description\" content=\"Toggle Filters Select CategoryKabaretMuzykaMuzyka i taniecMusic All TimeTodayTomorrowThis WeekThis WeekendNext WeekNext Month All StatesAustriaBelgiaFrancjaGliwiceHamburgNiemcyPolskaS\u0142oweniaSzwajcaria All CitiesAachenBerlinDuisburgD\u00fcsseldorfEssenFrankfurt am MainHagenHamburgLeverkusenM\u00f6nchengladbachM\u00fcnchenSolingenStuttgartBrukselaBytomChorz\u00f3wCzerwionka-LeszczynyGliwice\u0141aziska G\u00f3rnePaw\u0142owicePiekary \u015al\u0105skiePszczynaRacib\u00f3rzRadlinRadzionk\u00f3wRuda \u015al\u0105skaSiemianowice \u015al\u0105skieSosnowiec\u015awi\u0119toch\u0142owiceWodzis\u0142aw \u015al\u0105skiWolaZabrzeZawadzkieEtterbeekLjubljanaStrasbourgWienZ\u00fcrich Radius: 50 km Sort ByNearestNewest FirstOldest FirstStart DateEnd DateA-ZZ-A\" \/>\n<meta property=\"og:url\" content=\"https:\/\/gramy.live\/?page_id=8566\" \/>\n<meta property=\"og:site_name\" content=\"Gramy.live\" \/>\n<meta property=\"article:modified_time\" content=\"2025-02-20T11:26:02+00:00\" \/>\n<meta name=\"twitter:card\" content=\"summary_large_image\" \/>\n<meta name=\"twitter:label1\" content=\"Szacowany czas czytania\" \/>\n\t<meta name=\"twitter:data1\" content=\"1 minuta\" \/>\n<script type=\"application\/ld+json\" class=\"yoast-schema-graph\">{\"@context\":\"https:\/\/schema.org\",\"@graph\":[{\"@type\":\"WebPage\",\"@id\":\"https:\/\/gramy.live\/?page_id=8566\",\"url\":\"https:\/\/gramy.live\/?page_id=8566\",\"name\":\"Znajd\u017a wydarzenie - Gramy.live\",\"isPartOf\":{\"@id\":\"https:\/\/gramy.live\/#website\"},\"datePublished\":\"2019-09-24T01:53:20+00:00\",\"dateModified\":\"2025-02-20T11:26:02+00:00\",\"breadcrumb\":{\"@id\":\"https:\/\/gramy.live\/?page_id=8566#breadcrumb\"},\"inLanguage\":\"pl-PL\",\"potentialAction\":[{\"@type\":\"ReadAction\",\"target\":[\"https:\/\/gramy.live\/?page_id=8566\"]}]},{\"@type\":\"BreadcrumbList\",\"@id\":\"https:\/\/gramy.live\/?page_id=8566#breadcrumb\",\"itemListElement\":[{\"@type\":\"ListItem\",\"position\":1,\"name\":\"Strona g\u0142\u00f3wna\",\"item\":\"https:\/\/gramy.live\/\"},{\"@type\":\"ListItem\",\"position\":2,\"name\":\"Znajd\u017a wydarzenie\"}]},{\"@type\":\"WebSite\",\"@id\":\"https:\/\/gramy.live\/#website\",\"url\":\"https:\/\/gramy.live\/\",\"name\":\"Gramy.live\",\"description\":\"Najlepsze wydarzenia w Polsce i Europie\",\"potentialAction\":[{\"@type\":\"SearchAction\",\"target\":{\"@type\":\"EntryPoint\",\"urlTemplate\":\"https:\/\/gramy.live\/?s={search_term_string}\"},\"query-input\":{\"@type\":\"PropertyValueSpecification\",\"valueRequired\":true,\"valueName\":\"search_term_string\"}}],\"inLanguage\":\"pl-PL\"}]}<\/script>\n<!-- \/ Yoast SEO plugin. -->","yoast_head_json":{"title":"Znajd\u017a wydarzenie - Gramy.live","robots":{"index":"index","follow":"follow","max-snippet":"max-snippet:-1","max-image-preview":"max-image-preview:large","max-video-preview":"max-video-preview:-1"},"canonical":"https:\/\/gramy.live\/?page_id=8566","og_locale":"pl_PL","og_type":"article","og_title":"Znajd\u017a wydarzenie - Gramy.live","og_description":"Toggle Filters Select CategoryKabaretMuzykaMuzyka i taniecMusic All TimeTodayTomorrowThis WeekThis WeekendNext WeekNext Month All StatesAustriaBelgiaFrancjaGliwiceHamburgNiemcyPolskaS\u0142oweniaSzwajcaria All CitiesAachenBerlinDuisburgD\u00fcsseldorfEssenFrankfurt am MainHagenHamburgLeverkusenM\u00f6nchengladbachM\u00fcnchenSolingenStuttgartBrukselaBytomChorz\u00f3wCzerwionka-LeszczynyGliwice\u0141aziska G\u00f3rnePaw\u0142owicePiekary \u015al\u0105skiePszczynaRacib\u00f3rzRadlinRadzionk\u00f3wRuda \u015al\u0105skaSiemianowice \u015al\u0105skieSosnowiec\u015awi\u0119toch\u0142owiceWodzis\u0142aw \u015al\u0105skiWolaZabrzeZawadzkieEtterbeekLjubljanaStrasbourgWienZ\u00fcrich Radius: 50 km Sort ByNearestNewest FirstOldest FirstStart DateEnd DateA-ZZ-A","og_url":"https:\/\/gramy.live\/?page_id=8566","og_site_name":"Gramy.live","article_modified_time":"2025-02-20T11:26:02+00:00","twitter_card":"summary_large_image","twitter_misc":{"Szacowany czas czytania":"1 minuta"},"schema":{"@context":"https:\/\/schema.org","@graph":[{"@type":"WebPage","@id":"https:\/\/gramy.live\/?page_id=8566","url":"https:\/\/gramy.live\/?page_id=8566","name":"Znajd\u017a wydarzenie - Gramy.live","isPartOf":{"@id":"https:\/\/gramy.live\/#website"},"datePublished":"2019-09-24T01:53:20+00:00","dateModified":"2025-02-20T11:26:02+00:00","breadcrumb":{"@id":"https:\/\/gramy.live\/?page_id=8566#breadcrumb"},"inLanguage":"pl-PL","potentialAction":[{"@type":"ReadAction","target":["https:\/\/gramy.live\/?page_id=8566"]}]},{"@type":"BreadcrumbList","@id":"https:\/\/gramy.live\/?page_id=8566#breadcrumb","itemListElement":[{"@type":"ListItem","position":1,"name":"Strona g\u0142\u00f3wna","item":"https:\/\/gramy.live\/"},{"@type":"ListItem","position":2,"name":"Znajd\u017a wydarzenie"}]},{"@type":"WebSite","@id":"https:\/\/gramy.live\/#website","url":"https:\/\/gramy.live\/","name":"Gramy.live","description":"Najlepsze wydarzenia w Polsce i Europie","potentialAction":[{"@type":"SearchAction","target":{"@type":"EntryPoint","urlTemplate":"https:\/\/gramy.live\/?s={search_term_string}"},"query-input":{"@type":"PropertyValueSpecification","valueRequired":true,"valueName":"search_term_string"}}],"inLanguage":"pl-PL"}]}},"_links":{"self":[{"href":"https:\/\/gramy.live\/index.php?rest_route=\/wp\/v2\/pages\/8566","targetHints":{"allow":["GET"]}}],"collection":[{"href":"https:\/\/gramy.live\/index.php?rest_route=\/wp\/v2\/pages"}],"about":[{"href":"https:\/\/gramy.live\/index.php?rest_route=\/wp\/v2\/types\/page"}],"author":[{"embeddable":true,"href":"https:\/\/gramy.live\/index.php?rest_route=\/wp\/v2\/users\/1"}],"replies":[{"embeddable":true,"href":"https:\/\/gramy.live\/index.php?rest_route=%2Fwp%2Fv2%2Fcomments&post=8566"}],"version-history":[{"count":16,"href":"https:\/\/gramy.live\/index.php?rest_route=\/wp\/v2\/pages\/8566\/revisions"}],"predecessor-version":[{"id":12896,"href":"https:\/\/gramy.live\/index.php?rest_route=\/wp\/v2\/pages\/8566\/revisions\/12896"}],"wp:attachment":[{"href":"https:\/\/gramy.live\/index.php?rest_route=%2Fwp%2Fv2%2Fmedia&parent=8566"}],"curies":[{"name":"wp","href":"https:\/\/api.w.org\/{rel}","templated":true}]}}